{"id":766,"date":"2021-05-19T13:34:39","date_gmt":"2021-05-19T11:34:39","guid":{"rendered":"http:\/\/rymkiewiczsystem.pl\/?page_id=766"},"modified":"2022-02-14T22:34:07","modified_gmt":"2022-02-14T21:34:07","slug":"kontakt","status":"publish","type":"page","link":"https:\/\/studium.rymkiewiczsystem.pl\/?page_id=766","title":{"rendered":"Kontakt"},"content":{"rendered":"<div data-colibri-id=\"766-c1\" class=\"style-902 style-local-766-c1 position-relative\">\n  <!---->\n  <div data-colibri-component=\"section\" data-colibri-id=\"766-c2\" id=\"about\" class=\"h-section h-section-global-spacing d-flex align-items-lg-center align-items-md-center align-items-center style-989 style-local-766-c2 position-relative\">\n    <!---->\n    <!---->\n    <div class=\"h-section-grid-container h-section-boxed-container\">\n      <!---->\n      <div data-colibri-id=\"766-c3\" class=\"h-row-container gutters-row-lg-2 gutters-row-md-2 gutters-row-2 gutters-row-v-lg-2 gutters-row-v-md-2 gutters-row-v-2 style-990 style-local-766-c3 position-relative\">\n        <!---->\n        <div class=\"h-row justify-content-lg-center justify-content-md-center justify-content-center align-items-lg-stretch align-items-md-stretch align-items-stretch gutters-col-lg-2 gutters-col-md-2 gutters-col-2 gutters-col-v-lg-2 gutters-col-v-md-2 gutters-col-v-2\">\n          <!---->\n          <div class=\"h-column h-column-container d-flex h-col-lg-auto h-col-md-auto h-col-auto style-991-outer style-local-766-c4-outer\">\n            <div data-colibri-id=\"766-c4\" class=\"d-flex h-flex-basis h-column__inner h-px-lg-2 h-px-md-2 h-px-2 v-inner-lg-2 v-inner-md-2 v-inner-2 style-991 style-local-766-c4 position-relative\">\n              <!---->\n              <!---->\n              <div class=\"w-100 h-y-container h-column__content h-column__v-align flex-basis-100 align-self-lg-center align-self-md-center align-self-center\">\n                <!---->\n                <div data-colibri-id=\"766-c5\" class=\"h-global-transition-all h-heading style-993 style-local-766-c5 position-relative h-element\">\n                  <!---->\n                  <div class=\"h-heading__outer style-993 style-local-766-c5\">\n                    <!---->\n                    <!---->\n                    <h2 class=\"\"><em style=\"font-family: &quot;Playfair Display&quot;; color: rgb(247, 144, 7);\">Telefon informacyjny dla uczestnik\u00f3w<\/em><\/h2>\n                  <\/div>\n                <\/div>\n                <div data-colibri-id=\"766-c6\" class=\"h-global-transition-all h-heading style-1001 style-local-766-c6 position-relative h-element\">\n                  <!---->\n                  <div class=\"h-heading__outer style-1001 style-local-766-c6\">\n                    <!---->\n                    <!---->\n                    <h5 class=\"\">Zg\u0142oszenia do Studium<\/h5>\n                  <\/div>\n                <\/div>\n                <div data-colibri-id=\"766-c7\" class=\"h-text h-text-component style-994 style-local-766-c7 position-relative h-element\">\n                  <!---->\n                  <!---->\n                  <div class=\"\">\n                    <p>\n                      <br>\n                    <\/p>\n                    <p>Recepcja Rymkiewicz system:<\/p>\n                    <p>+ 48 882 794 249<\/p>\n                    <p>biuro@olgarymkiewicz.pl<\/p>\n                    <p>\n                      <br>\n                    <\/p>\n                    <p>Paulina Grzelczak<\/p>\n                    <p>Koordynator | Manager Rymkiewicz system:<\/p>\n                    <p>+48 668 001 959<\/p>\n                    <p>p.grzelczak@olgarymkiewicz.pl<\/p>\n                    <p>\n                      <br>\n                    <\/p>\n                  <\/div>\n                <\/div>\n              <\/div>\n            <\/div>\n          <\/div>\n          <div class=\"h-column h-column-container d-flex h-col-lg-auto h-col-md-auto h-col-auto style-997-outer style-local-766-c8-outer\">\n            <div data-colibri-id=\"766-c8\" class=\"d-flex h-flex-basis h-column__inner h-px-lg-2 h-px-md-2 h-px-2 v-inner-lg-2 v-inner-md-2 v-inner-2 style-997 style-local-766-c8 position-relative\">\n              <!---->\n              <!---->\n              <div class=\"w-100 h-y-container h-column__content h-column__v-align flex-basis-100 align-self-lg-center align-self-md-center align-self-center\">\n                <!---->\n                <div data-colibri-id=\"766-c9\" class=\"d-block style-998 style-local-766-c9 position-relative h-element\">\n                  <!---->\n                  <div class=\"h-image__frame-container-outer\">\n                    <div class=\"h-image__frame-container\">\n                      <!---->\n                      <!---->\n                      <img loading=\"lazy\" decoding=\"async\" width=\"1080\" height=\"1078\" src=\"http:\/\/rymkiewiczsystem.pl\/wp-content\/uploads\/2021\/05\/cropped-cropped-Zdjecia-na-strone-Kurs12.png\" class=\"wp-image-814 style-998-image style-local-766-c9-image\" alt=\"\" srcset=\"https:\/\/studium.rymkiewiczsystem.pl\/wp-content\/uploads\/2021\/05\/cropped-cropped-Zdjecia-na-strone-Kurs12.png 1080w, https:\/\/studium.rymkiewiczsystem.pl\/wp-content\/uploads\/2021\/05\/cropped-cropped-Zdjecia-na-strone-Kurs12-300x300.png 300w, https:\/\/studium.rymkiewiczsystem.pl\/wp-content\/uploads\/2021\/05\/cropped-cropped-Zdjecia-na-strone-Kurs12-1024x1022.png 1024w, https:\/\/studium.rymkiewiczsystem.pl\/wp-content\/uploads\/2021\/05\/cropped-cropped-Zdjecia-na-strone-Kurs12-150x150.png 150w, https:\/\/studium.rymkiewiczsystem.pl\/wp-content\/uploads\/2021\/05\/cropped-cropped-Zdjecia-na-strone-Kurs12-768x767.png 768w\" sizes=\"auto, (max-width: 1080px) 100vw, 1080px\" \/>\n                      <div class=\"h-image__frame h-hide-sm style-998-frameImage style-local-766-c9-frameImage\"><\/div>\n                    <\/div>\n                  <\/div>\n                <\/div>\n              <\/div>\n            <\/div>\n          <\/div>\n        <\/div>\n      <\/div>\n      <div data-colibri-id=\"766-c10\" class=\"h-row-container gutters-row-lg-2 gutters-row-md-2 gutters-row-0 gutters-row-v-lg-2 gutters-row-v-md-2 gutters-row-v-2 style-1243 style-local-766-c10 position-relative\">\n        <!---->\n        <div class=\"h-row justify-content-lg-center justify-content-md-center justify-content-center align-items-lg-stretch align-items-md-stretch align-items-stretch gutters-col-lg-2 gutters-col-md-2 gutters-col-0 gutters-col-v-lg-2 gutters-col-v-md-2 gutters-col-v-2\">\n          <!---->\n          <div class=\"h-column h-column-container d-flex h-col-lg-auto h-col-md-auto h-col-auto style-1244-outer style-local-766-c11-outer\">\n            <div data-colibri-id=\"766-c11\" class=\"d-flex h-flex-basis h-column__inner h-px-lg-2 h-px-md-2 h-px-2 v-inner-lg-2 v-inner-md-2 v-inner-2 style-1244 style-local-766-c11 position-relative\">\n              <!---->\n              <!---->\n              <div class=\"w-100 h-y-container h-column__content h-column__v-align flex-basis-100 align-self-lg-start align-self-md-start align-self-start\">\n                <!---->\n                <div data-colibri-id=\"766-c12\" class=\"style-1245 style-local-766-c12 position-relative h-element\">\n                  <!---->\n                <\/div>\n              <\/div>\n            <\/div>\n          <\/div>\n        <\/div>\n      <\/div>\n      <div data-colibri-id=\"766-c13\" class=\"h-row-container gutters-row-lg-2 gutters-row-md-2 gutters-row-0 gutters-row-v-lg-2 gutters-row-v-md-2 gutters-row-v-2 style-1239 style-local-766-c13 position-relative\">\n        <!---->\n        <div class=\"h-row justify-content-lg-center justify-content-md-center justify-content-center align-items-lg-stretch align-items-md-stretch align-items-stretch gutters-col-lg-2 gutters-col-md-2 gutters-col-0 gutters-col-v-lg-2 gutters-col-v-md-2 gutters-col-v-2\">\n          <!---->\n          <div class=\"h-column h-column-container d-flex h-col-lg-auto h-col-md-auto h-col-auto style-1240-outer style-local-766-c14-outer\">\n            <div data-colibri-id=\"766-c14\" class=\"d-flex h-flex-basis h-column__inner h-px-lg-2 h-px-md-2 h-px-2 v-inner-lg-2 v-inner-md-2 v-inner-2 style-1240 style-local-766-c14 position-relative\">\n              <!---->\n              <!---->\n              <div class=\"w-100 h-y-container h-column__content h-column__v-align flex-basis-100 align-self-lg-start align-self-md-start align-self-start\">\n                <!---->\n                <div data-colibri-id=\"766-c15\" class=\"h-divider style-1000 style-local-766-c15 position-relative h-element\">\n                  <!----><span class=\"h-divider__line style-1000-line style-local-766-c15-line style-1000-line style-local-766-c15-line\"><\/span><\/div>\n                <div data-colibri-id=\"766-c16\" class=\"h-global-transition-all h-heading style-981 style-local-766-c16 position-relative h-element\">\n                  <!---->\n                  <div class=\"h-heading__outer style-981 style-local-766-c16\">\n                    <!---->\n                    <!---->\n                    <h3 class=\"\">Miejsce odbywania zaj\u0119\u0107 w systemie hybrydowym<\/h3>\n                  <\/div>\n                <\/div>\n              <\/div>\n            <\/div>\n          <\/div>\n        <\/div>\n      <\/div>\n      <div data-colibri-id=\"766-c17\" class=\"h-row-container gutters-row-lg-2 gutters-row-md-2 gutters-row-0 gutters-row-v-lg-2 gutters-row-v-md-2 gutters-row-v-2 style-1241 style-local-766-c17 position-relative\">\n        <!---->\n        <div class=\"h-row justify-content-lg-center justify-content-md-center justify-content-center align-items-lg-stretch align-items-md-stretch align-items-stretch gutters-col-lg-2 gutters-col-md-2 gutters-col-0 gutters-col-v-lg-2 gutters-col-v-md-2 gutters-col-v-2\">\n          <!---->\n          <div class=\"h-column h-column-container d-flex h-col-lg-auto h-col-md-auto h-col-auto style-1242-outer style-local-766-c18-outer\">\n            <div data-colibri-id=\"766-c18\" class=\"d-flex h-flex-basis h-column__inner h-px-lg-2 h-px-md-2 h-px-2 v-inner-lg-2 v-inner-md-2 v-inner-2 style-1242 style-local-766-c18 position-relative\">\n              <!---->\n              <!---->\n              <div class=\"w-100 h-y-container h-column__content h-column__v-align flex-basis-100 align-self-lg-start align-self-md-start align-self-start\">\n                <!---->\n                <div data-colibri-id=\"766-c19\" class=\"h-text h-text-component style-984 style-local-766-c19 position-relative h-element\">\n                  <!---->\n                  <!---->\n                  <div class=\"\">\n                    <p>ul. Wandy 7\/1, 53-320 Wroc\u0142aw Rymkiewicz system Academy oraz on-line.<\/p>\n                    <p>W zale\u017cno\u015bci od sytuacji epidemiologicznej decyzje dotycz\u0105ce formy zaj\u0119\u0107 mog\u0105 ulec zmianie.\n                      <br>\n                    <\/p>\n                    <p>\n                      <br>\n                    <\/p>\n                  <\/div>\n                <\/div>\n              <\/div>\n            <\/div>\n          <\/div>\n        <\/div>\n      <\/div>\n      <div data-colibri-id=\"766-c20\" class=\"h-row-container gutters-row-lg-0 gutters-row-md-0 gutters-row-0 gutters-row-v-lg-0 gutters-row-v-md-0 gutters-row-v-0 style-1005 style-local-766-c20 position-relative\">\n        <!---->\n        <div class=\"h-row justify-content-lg-center justify-content-md-center justify-content-center align-items-lg-stretch align-items-md-stretch align-items-stretch gutters-col-lg-0 gutters-col-md-0 gutters-col-0 gutters-col-v-lg-0 gutters-col-v-md-0 gutters-col-v-0\">\n          <!---->\n          <div class=\"h-column h-column-container d-flex h-col-lg-auto h-col-md-auto h-col-auto style-1006-outer style-local-766-c21-outer\">\n            <div data-colibri-id=\"766-c21\" class=\"d-flex h-flex-basis h-column__inner h-px-lg-0 h-px-md-0 h-px-0 v-inner-lg-0 v-inner-md-0 v-inner-0 style-1006 style-local-766-c21 position-relative\">\n              <!---->\n              <!---->\n              <div class=\"w-100 h-y-container h-column__content h-column__v-align flex-basis-100 align-self-lg-center align-self-md-center align-self-center\">\n                <!---->\n                <div data-colibri-id=\"766-c22\" class=\"h-global-transition-all h-heading style-1007 style-local-766-c22 position-relative h-element\">\n                  <!---->\n                  <div class=\"h-heading__outer style-1007 style-local-766-c22\">\n                    <!---->\n                    <!---->\n                    <h4 class=\"\">social media<\/h4>\n                  <\/div>\n                <\/div>\n                <div data-colibri-id=\"766-c23\" class=\"style-1010 style-local-766-c23 position-relative h-element\">\n                  <!---->\n                  <div class=\"d-flex flex-wrap h-social-icons justify-content-lg-center justify-content-md-center justify-content-center\">\n                    <div class=\"social-icon-container d-inline-flex\">\n                      <a href=\"https:\/\/www.facebook.com\/search\/top?q=rymkiewicz%20system%20academy\" h-use-smooth-scroll=\"true\">\n                        <div class=\"icon-container h-social-icon h-global-transition\">\n                          <div class=\"h-icon-svg\" style=\"width: 100%; height: 100%;\">\n                            <!--Icon by Font Awesome (https:\/\/fontawesome.com)-->\n                            <svg version=\"1.1\" xmlns=\"http:\/\/www.w3.org\/2000\/svg\" xmlns:xlink=\"http:\/\/www.w3.org\/1999\/xlink\" id=\"facebook-square\" viewBox=\"0 0 1536 1896.0833\">\n                              <path d=\"M1248 128q119 0 203.5 84.5T1536 416v960q0 119-84.5 203.5T1248 1664h-188v-595h199l30-232h-229V689q0-56 23.5-84t91.5-28l122-1V369q-63-9-178-9-136 0-217.5 80T820 666v171H620v232h200v595H288q-119 0-203.5-84.5T0 1376V416q0-119 84.5-203.5T288 128h960z\"><\/path>\n                            <\/svg>\n                          <\/div>\n                        <\/div>\n                      <\/a>\n                    <\/div>\n                    <div class=\"social-icon-container d-inline-flex\">\n                      <a href=\"https:\/\/l.facebook.com\/l.php?u=https%3A%2F%2Fwww.linkedin.com%2Fcompany%2F18452559%2Fadmin%2F%3Ffbclid%3DIwAR3isWt0JX2CD9sVya6sMN8M2D7RtZa_9AKZdXKBT8-a6ru2ywn0JP2OB4o&amp;h=AT11l_Qis_S74_cGwR5osxfkDYptvj07vI4cNsT2g7Mfe3ezgt8bwwHs_basG1ldAOy4YuWDDjdQfbqIwAdcoOZoKink61zYzrfdQwNgkcqF43e2V-LBWj8aYacWKcRQwTrrWw\"\n                        h-use-smooth-scroll=\"true\">\n                        <div class=\"icon-container h-social-icon h-global-transition\">\n                          <div class=\"h-icon-svg\" style=\"width: 100%; height: 100%;\">\n                            <!--Icon by Socicon (http:\/\/www.socicon.com)-->\n                            <svg version=\"1.1\" xmlns=\"http:\/\/www.w3.org\/2000\/svg\" viewBox=\"0 0 1500 1500\">\n\n                              <path d=\"M1122.070 767.578c-20.508-23.438-55.664-35.156-105.469-35.156-64.453 0-108.398 20.508-134.766 55.664-26.367 38.086-38.086 90.82-38.086 158.203v512.695c0 8.789-2.93 17.578-11.719 26.367-5.859 5.859-17.578 11.719-26.367 11.719h-269.531c-8.789 0-17.578-5.859-26.367-11.719-5.859-8.789-11.719-17.578-11.719-26.367v-946.289c0-8.789 5.859-17.578 11.719-26.367 8.789-5.859 17.578-11.719 26.367-11.719h260.742c8.789 0 17.578 2.93 23.438 5.859s8.789 11.719 11.719 20.508c0 8.789 2.93 17.578 2.93 20.508s0 11.719 0 23.438c67.383-64.453 158.203-93.75 266.602-93.75 125.977 0 222.656 29.297 292.969 90.82 70.313 64.453 105.469 155.273 105.469 278.32v638.672c0 8.789-2.93 17.578-11.719 26.367-5.859 5.859-17.578 11.719-26.367 11.719h-275.391c-8.789 0-17.578-5.859-26.367-11.719-5.859-8.789-11.719-17.578-11.719-26.367v-577.148c0-49.805-8.789-87.891-26.367-114.258zM310.547 313.477c-35.156 35.156-79.102 52.734-128.906 52.734s-93.75-17.578-128.906-52.734c-35.156-35.156-52.734-76.172-52.734-128.906 0-49.805 17.578-90.82 52.734-125.977s79.102-55.664 128.906-55.664c49.805 0 93.75 20.508 128.906 55.664s52.734 76.172 52.734 125.977c0 52.734-17.578 93.75-52.734 128.906zM354.492 512.695v946.289c0 8.789-5.859 17.578-11.719 26.367-8.789 5.859-17.578 11.719-26.367 11.719h-269.531c-8.789 0-17.578-5.859-26.367-11.719-5.859-8.789-11.719-17.578-11.719-26.367v-946.289c0-8.789 5.859-17.578 11.719-26.367 8.789-5.859 17.578-11.719 26.367-11.719h269.531c8.789 0 17.578 5.859 26.367 11.719 5.859 8.789 11.719 17.578 11.719 26.367z\"><\/path>\n                            <\/svg>\n                          <\/div>\n                        <\/div>\n                      <\/a>\n                    <\/div>\n                    <div class=\"social-icon-container d-inline-flex\">\n                      <a href=\"https:\/\/www.instagram.com\/psychodietwro\/\" h-use-smooth-scroll=\"true\">\n                        <div class=\"icon-container h-social-icon h-global-transition\">\n                          <div class=\"h-icon-svg\" style=\"width: 100%; height: 100%;\">\n                            <!--Icon by Socicon (http:\/\/www.socicon.com)-->\n                            <svg version=\"1.1\" xmlns=\"http:\/\/www.w3.org\/2000\/svg\" viewBox=\"0 0 1500 1500\">\n\n                              <path d=\"M750 134.766c202.148 0 222.656 2.93 301.758 5.859 76.172 2.93 114.258 14.648 140.625 23.438 35.156 14.648 61.523 32.227 84.961 55.664 26.367 26.367 43.945 52.734 55.664 84.961 11.719 29.297 23.438 67.383 26.367 140.625 2.93 82.031 5.859 102.539 5.859 304.688s-2.93 222.656-5.859 301.758c-2.93 76.172-14.648 114.258-23.438 140.625-14.648 35.156-32.227 61.523-55.664 84.961-26.367 26.367-52.734 43.945-84.961 55.664-29.297 11.719-67.383 23.438-140.625 26.367-82.031 2.93-102.539 5.859-304.688 5.859s-222.656-2.93-301.758-5.859c-76.172-2.93-114.258-14.648-140.625-23.438-35.156-14.648-61.523-32.227-84.961-55.664-26.367-26.367-43.945-52.734-55.664-84.961-11.719-29.297-23.438-67.383-26.367-140.625-2.93-82.031-5.859-102.539-5.859-304.688s2.93-222.656 5.859-301.758c2.93-76.172 14.648-114.258 23.438-140.625 14.648-35.156 32.227-61.523 55.664-84.961 26.367-26.367 52.734-43.945 84.961-55.664 29.297-11.719 67.383-23.438 140.625-26.367 82.031-2.93 102.539-5.859 304.688-5.859M750 0c-205.078 0-228.516 2.93-307.617 5.859-82.031 2.93-137.695 14.648-181.641 32.227-49.805 20.508-93.75 46.875-134.766 87.891s-67.383 84.961-87.891 134.766c-17.578 46.875-29.297 99.609-32.227 181.641-2.93 79.102-5.859 102.539-5.859 307.617s2.93 228.516 5.859 307.617c2.93 82.031 14.648 137.695 32.227 181.641 20.508 49.805 46.875 93.75 87.891 134.766s84.961 67.383 134.766 87.891c46.875 17.578 99.609 29.297 181.641 32.227 79.102 2.93 102.539 5.859 307.617 5.859s228.516-2.93 307.617-5.859c82.031-2.93 137.695-14.648 181.641-32.227 49.805-20.508 93.75-46.875 134.766-87.891s67.383-84.961 87.891-134.766c17.578-46.875 29.297-99.609 32.227-181.641 2.93-79.102 5.859-102.539 5.859-307.617s-2.93-228.516-5.859-307.617c-2.93-82.031-14.648-137.695-32.227-181.641-20.508-49.805-46.875-93.75-87.891-134.766s-84.961-67.383-134.766-87.891c-46.875-17.578-99.609-29.297-181.641-32.227-79.102-2.93-102.539-5.859-307.617-5.859zM750 363.281c-213.867 0-386.719 172.852-386.719 386.719s172.852 386.719 386.719 386.719c213.867 0 386.719-172.852 386.719-386.719s-172.852-386.719-386.719-386.719zM750 1001.953c-137.695 0-251.953-114.258-251.953-251.953s114.258-251.953 251.953-251.953c137.695 0 251.953 114.258 251.953 251.953s-114.258 251.953-251.953 251.953zM1239.258 348.633c0 49.805-38.086 90.82-87.891 90.82s-90.82-41.016-90.82-90.82c0-49.805 41.016-87.891 90.82-87.891s87.891 38.086 87.891 87.891z\"><\/path>\n                            <\/svg>\n                          <\/div>\n                        <\/div>\n                      <\/a>\n                    <\/div>\n                  <\/div>\n                <\/div>\n              <\/div>\n            <\/div>\n          <\/div>\n        <\/div>\n      <\/div>\n    <\/div>\n  <\/div>\n<\/div>","protected":false},"excerpt":{"rendered":"<p>Telefon informacyjny dla uczestnik\u00f3w Zg\u0142oszenia do Studium Recepcja Rymkiewicz system: + 48 882 794 249 biuro@olgarymkiewicz.pl Paulina Grzelczak Koordynator | Manager Rymkiewicz system: +48 668 001 959 p.grzelczak@olgarymkiewicz.pl Miejsce odbywania zaj\u0119\u0107 w systemie hybrydowym ul. Wandy 7\/1, 53-320 Wroc\u0142aw Rymkiewicz system Academy oraz on-line. W zale\u017cno\u015bci od sytuacji epidemiologicznej decyzje dotycz\u0105ce formy zaj\u0119\u0107 mog\u0105 ulec [&hellip;]<\/p>\n","protected":false},"author":1,"featured_media":0,"parent":0,"menu_order":0,"comment_status":"closed","ping_status":"closed","template":"page-templates\/full-width-page.php","meta":{"_ti_tpc_template_sync":false,"_ti_tpc_template_id":"","footnotes":""},"class_list":["post-766","page","type-page","status-publish","hentry"],"yoast_head":"<!-- This site is optimized with the Yoast SEO plugin v16.2 - https:\/\/yoast.com\/wordpress\/plugins\/seo\/ -->\n<title>Kontakt - Studium Psychodietetyki i Zaburze\u0144 Od\u017cywiania<\/title>\n<meta name=\"robots\" content=\"index, follow, max-snippet:-1, max-image-preview:large, max-video-preview:-1\" \/>\n<link rel=\"canonical\" href=\"https:\/\/studium.rymkiewiczsystem.pl\/?page_id=766\" \/>\n<meta property=\"og:locale\" content=\"pl_PL\" \/>\n<meta property=\"og:type\" content=\"article\" \/>\n<meta property=\"og:title\" content=\"Kontakt - Studium Psychodietetyki i Zaburze\u0144 Od\u017cywiania\" \/>\n<meta property=\"og:description\" content=\"Telefon informacyjny dla uczestnik\u00f3w Zg\u0142oszenia do Studium Recepcja Rymkiewicz system: + 48 882 794 249 biuro@olgarymkiewicz.pl Paulina Grzelczak Koordynator | Manager Rymkiewicz system: +48 668 001 959 p.grzelczak@olgarymkiewicz.pl Miejsce odbywania zaj\u0119\u0107 w systemie hybrydowym ul. Wandy 7\/1, 53-320 Wroc\u0142aw Rymkiewicz system Academy oraz on-line. W zale\u017cno\u015bci od sytuacji epidemiologicznej decyzje dotycz\u0105ce formy zaj\u0119\u0107 mog\u0105 ulec [&hellip;]\" \/>\n<meta property=\"og:url\" content=\"https:\/\/studium.rymkiewiczsystem.pl\/?page_id=766\" \/>\n<meta property=\"og:site_name\" content=\"Studium Psychodietetyki i Zaburze\u0144 Od\u017cywiania\" \/>\n<meta property=\"article:modified_time\" content=\"2022-02-14T21:34:07+00:00\" \/>\n<meta property=\"og:image\" content=\"http:\/\/rymkiewiczsystem.pl\/wp-content\/uploads\/2021\/05\/cropped-cropped-Zdjecia-na-strone-Kurs12.png\" \/>\n<meta name=\"twitter:card\" content=\"summary_large_image\" \/>\n<script type=\"application\/ld+json\" class=\"yoast-schema-graph\">{\"@context\":\"https:\/\/schema.org\",\"@graph\":[{\"@type\":\"WebSite\",\"@id\":\"https:\/\/studium.rymkiewiczsystem.pl\/#website\",\"url\":\"https:\/\/studium.rymkiewiczsystem.pl\/\",\"name\":\"Studium Psychodietetyki i Zaburze\\u0144 Od\\u017cywiania\",\"description\":\"Rymkiewicz System\",\"potentialAction\":[{\"@type\":\"SearchAction\",\"target\":\"https:\/\/studium.rymkiewiczsystem.pl\/?s={search_term_string}\",\"query-input\":\"required name=search_term_string\"}],\"inLanguage\":\"pl-PL\"},{\"@type\":\"ImageObject\",\"@id\":\"https:\/\/studium.rymkiewiczsystem.pl\/?page_id=766#primaryimage\",\"inLanguage\":\"pl-PL\",\"url\":\"http:\/\/rymkiewiczsystem.pl\/wp-content\/uploads\/2021\/05\/cropped-cropped-Zdjecia-na-strone-Kurs12.png\",\"contentUrl\":\"http:\/\/rymkiewiczsystem.pl\/wp-content\/uploads\/2021\/05\/cropped-cropped-Zdjecia-na-strone-Kurs12.png\"},{\"@type\":\"WebPage\",\"@id\":\"https:\/\/studium.rymkiewiczsystem.pl\/?page_id=766#webpage\",\"url\":\"https:\/\/studium.rymkiewiczsystem.pl\/?page_id=766\",\"name\":\"Kontakt - Studium Psychodietetyki i Zaburze\\u0144 Od\\u017cywiania\",\"isPartOf\":{\"@id\":\"https:\/\/studium.rymkiewiczsystem.pl\/#website\"},\"primaryImageOfPage\":{\"@id\":\"https:\/\/studium.rymkiewiczsystem.pl\/?page_id=766#primaryimage\"},\"datePublished\":\"2021-05-19T11:34:39+00:00\",\"dateModified\":\"2022-02-14T21:34:07+00:00\",\"breadcrumb\":{\"@id\":\"https:\/\/studium.rymkiewiczsystem.pl\/?page_id=766#breadcrumb\"},\"inLanguage\":\"pl-PL\",\"potentialAction\":[{\"@type\":\"ReadAction\",\"target\":[\"https:\/\/studium.rymkiewiczsystem.pl\/?page_id=766\"]}]},{\"@type\":\"BreadcrumbList\",\"@id\":\"https:\/\/studium.rymkiewiczsystem.pl\/?page_id=766#breadcrumb\",\"itemListElement\":[{\"@type\":\"ListItem\",\"position\":1,\"item\":{\"@type\":\"WebPage\",\"@id\":\"https:\/\/studium.rymkiewiczsystem.pl\/\",\"url\":\"https:\/\/studium.rymkiewiczsystem.pl\/\",\"name\":\"Home\"}},{\"@type\":\"ListItem\",\"position\":2,\"item\":{\"@id\":\"https:\/\/studium.rymkiewiczsystem.pl\/?page_id=766#webpage\"}}]}]}<\/script>\n<!-- \/ Yoast SEO plugin. -->","_links":{"self":[{"href":"https:\/\/studium.rymkiewiczsystem.pl\/index.php?rest_route=\/wp\/v2\/pages\/766","targetHints":{"allow":["GET"]}}],"collection":[{"href":"https:\/\/studium.rymkiewiczsystem.pl\/index.php?rest_route=\/wp\/v2\/pages"}],"about":[{"href":"https:\/\/studium.rymkiewiczsystem.pl\/index.php?rest_route=\/wp\/v2\/types\/page"}],"author":[{"embeddable":true,"href":"https:\/\/studium.rymkiewiczsystem.pl\/index.php?rest_route=\/wp\/v2\/users\/1"}],"replies":[{"embeddable":true,"href":"https:\/\/studium.rymkiewiczsystem.pl\/index.php?rest_route=%2Fwp%2Fv2%2Fcomments&post=766"}],"version-history":[{"count":10,"href":"https:\/\/studium.rymkiewiczsystem.pl\/index.php?rest_route=\/wp\/v2\/pages\/766\/revisions"}],"predecessor-version":[{"id":2355,"href":"https:\/\/studium.rymkiewiczsystem.pl\/index.php?rest_route=\/wp\/v2\/pages\/766\/revisions\/2355"}],"wp:attachment":[{"href":"https:\/\/studium.rymkiewiczsystem.pl\/index.php?rest_route=%2Fwp%2Fv2%2Fmedia&parent=766"}],"curies":[{"name":"wp","href":"https:\/\/api.w.org\/{rel}","templated":true}]}}